{"id":147,"date":"2014-06-09T16:52:34","date_gmt":"2014-06-09T14:52:34","guid":{"rendered":"http:\/\/www.dotsfrance.com\/?page_id=147"},"modified":"2015-12-09T17:03:21","modified_gmt":"2015-12-09T15:03:21","slug":"produits","status":"publish","type":"page","link":"http:\/\/www.dotsfrance.com\/?page_id=147","title":{"rendered":"Produits industriels"},"content":{"rendered":"<p><strong>Gamme Industrie <\/strong><\/p>\n<p>que vous pouvez trouver chez nos partenaire distributeur.<\/p>\n<p>L&rsquo;int\u00e9gralit\u00e9 des produits DOTS FRANCE.COLLE sont fabriqu\u00e9s en France \u00a0dans l&rsquo;Oise (60)\u00a0\u00bb<\/p>\n<p>&nbsp;<\/p>\n<p><strong>Le diam\u00e8tre standard de nos pastilles est de 10mm (vous pouvez \u00e9galement avoir d&rsquo;autres formats)<\/strong><\/p>\n<p><strong><a href=\"http:\/\/www.dotsfrance.com\/wp-content\/uploads\/2014\/06\/FT-PIX.jpg\"><img loading=\"lazy\" decoding=\"async\" class=\"alignnone wp-image-204\" src=\"http:\/\/www.dotsfrance.com\/wp-content\/uploads\/2014\/06\/FT-PIX-300x200.jpg\" alt=\"FT PIX\" width=\"376\" height=\"200\" \/><\/a>\u00a0 \u00a0 \u00a0 \u00a0 \u00a0 \u00a0\u00a0<\/strong><\/p>\n<p>&nbsp;<\/p>\n<hr \/>\n<p><strong>3 r\u00e9f\u00e9rences:\u00a0<\/strong><\/p>\n<p><strong>Adh\u00e9sion Fugitive <\/strong>(r\u00e9f: AD FUGITIVE) code couleur vert \u00a0 \u00a0 \u00a0 \u00a0 \u00a0<strong>\u00a0Adh\u00e9sion Moyenne<\/strong> (r\u00e9f: AD MOYENNE) code couleur orange \u00a0 \u00a0\u00a0\u00a0 \u00a0<strong>Adh\u00e9sion Forte<\/strong> (r\u00e9f: AD FORTE) code couleur rouge<\/p>\n<p>&nbsp;<\/p>\n<p><strong>Les boites distributrices (Avec ou sans impression) \u00a0<\/strong><\/p>\n<p>&nbsp;<\/p>\n<p><strong><a href=\"http:\/\/www.dotsfrance.com\/wp-content\/uploads\/2014\/06\/Code-couleur-des-produits.jpg\"><img loading=\"lazy\" decoding=\"async\" class=\"alignnone wp-image-187\" src=\"http:\/\/www.dotsfrance.com\/wp-content\/uploads\/2014\/06\/Code-couleur-des-produits-200x300.jpg\" alt=\"Code couleur des r\u00e9f\u00e9rences\" width=\"259\" height=\"300\" \/><\/a>\u00a0 \u00a0 \u00a0 \u00a0 \u00a0 \u00a0 \u00a0 \u00a0 \u00a0 \u00a0 \u00a0 \u00a0 \u00a0 \u00a0 \u00a0 \u00a0 \u00a0 \u00a0 \u00a0 \u00a0 \u00a0 <img loading=\"lazy\" decoding=\"async\" class=\"alignnone wp-image-188\" src=\"http:\/\/www.dotsfrance.com\/wp-content\/uploads\/2014\/06\/boite-distributrice-sur-son-socle-2-200x300.jpg\" alt=\"boite distributrice\" width=\"260\" height=\"300\" \/>\u00a0 \u00a0 \u00a0 \u00a0 \u00a0 \u00a0 \u00a0 \u00a0 \u00a0 \u00a0 \u00a0 \u00a0 \u00a0 \u00a0 \u00a0 \u00a0 \u00a0 \u00a0\u00a0<\/strong><\/p>\n<p>&nbsp;<\/p>\n<p>&nbsp;<\/p>\n<p>&nbsp;<\/p>\n<p><strong>Le rouleaux de 1000 \/ 5000 \/ 8000 \/ 10000 pastilles avec ou sans boite distributrice<\/strong><\/p>\n<p><strong><a href=\"http:\/\/www.dotsfrance.com\/wp-content\/uploads\/2014\/06\/les-standards-rouleaux-sans-boites-distributrice-1000-5000-8000-10000.jpg\"><img loading=\"lazy\" decoding=\"async\" class=\"alignnone size-medium wp-image-189\" src=\"http:\/\/www.dotsfrance.com\/wp-content\/uploads\/2014\/06\/les-standards-rouleaux-sans-boites-distributrice-1000-5000-8000-10000-300x225.jpg\" alt=\"les standards rouleaux sans boites distributrice 1000 5000 8000 10000\" width=\"300\" height=\"225\" srcset=\"http:\/\/www.dotsfrance.com\/wp-content\/uploads\/2014\/06\/les-standards-rouleaux-sans-boites-distributrice-1000-5000-8000-10000-300x225.jpg 300w, http:\/\/www.dotsfrance.com\/wp-content\/uploads\/2014\/06\/les-standards-rouleaux-sans-boites-distributrice-1000-5000-8000-10000-1024x768.jpg 1024w\" sizes=\"auto, (max-width: 300px) 100vw, 300px\" \/><\/a><\/strong><\/p>\n<p>&nbsp;<\/p>\n<hr \/>\n<p><strong>Les rouleaux pour d\u00e9vidoir ATG \u00a0(rouleaux de 1500 pastilles). \u00a0 \u00a0 \u00a0<\/strong><\/p>\n<p><strong><img loading=\"lazy\" decoding=\"async\" class=\"alignnone wp-image-274\" src=\"http:\/\/www.dotsfrance.com\/wp-content\/uploads\/2014\/06\/IMG_2576-300x225.jpg\" alt=\"IMG_2576\" width=\"263\" height=\"197\" srcset=\"http:\/\/www.dotsfrance.com\/wp-content\/uploads\/2014\/06\/IMG_2576-300x225.jpg 300w, http:\/\/www.dotsfrance.com\/wp-content\/uploads\/2014\/06\/IMG_2576-1024x768.jpg 1024w, http:\/\/www.dotsfrance.com\/wp-content\/uploads\/2014\/06\/IMG_2576.jpg 2048w\" sizes=\"auto, (max-width: 263px) 100vw, 263px\" \/> \u00a0 \u00a0 \u00a0 \u00a0 \u00a0 \u00a0<img loading=\"lazy\" decoding=\"async\" class=\"alignnone wp-image-202\" src=\"http:\/\/www.dotsfrance.com\/wp-content\/uploads\/2014\/06\/1-300x225.jpg\" alt=\"1\" width=\"258\" height=\"193\" srcset=\"http:\/\/www.dotsfrance.com\/wp-content\/uploads\/2014\/06\/1-300x225.jpg 300w, http:\/\/www.dotsfrance.com\/wp-content\/uploads\/2014\/06\/1-1024x768.jpg 1024w\" sizes=\"auto, (max-width: 258px) 100vw, 258px\" \/><\/strong><\/p>\n<p>&nbsp;<\/p>\n<p>&nbsp;<\/p>\n<p>&nbsp;<\/p>\n<p>&nbsp;<\/p>\n<p>&nbsp;<\/p>\n<p>&nbsp;<\/p>\n<p>&nbsp;<\/p>\n<p>&nbsp;<\/p>\n<p>&nbsp;<\/p>\n<p>&nbsp;<\/p>\n<p>&nbsp;<\/p>\n<p>&nbsp;<\/p>\n<p>&nbsp;<\/p>\n<p>&nbsp;<\/p>\n<p>&nbsp;<\/p>\n<p>&nbsp;<\/p>\n<p>&nbsp;<\/p>\n<p>&nbsp;<\/p>\n","protected":false},"excerpt":{"rendered":"<p>Gamme Industrie que vous pouvez trouver chez nos partenaire distributeur. L&rsquo;int\u00e9gralit\u00e9 des produits DOTS FRANCE.COLLE sont fabriqu\u00e9s en France \u00a0dans l&rsquo;Oise (60)\u00a0\u00bb &nbsp; Le diam\u00e8tre standard de nos pastilles est de 10mm (vous pouvez \u00e9galement avoir d&rsquo;autres formats) \u00a0 \u00a0 \u00a0 \u00a0 \u00a0 \u00a0\u00a0 &nbsp; 3 r\u00e9f\u00e9rences:\u00a0 Adh\u00e9sion Fugitive (r\u00e9f: AD FUGITIVE) code couleur vert [&hellip;]<\/p>\n","protected":false},"author":2,"featured_media":0,"parent":0,"menu_order":0,"comment_status":"closed","ping_status":"closed","template":"","meta":{"footnotes":""},"class_list":["post-147","page","type-page","status-publish","hentry"],"_links":{"self":[{"href":"http:\/\/www.dotsfrance.com\/index.php?rest_route=\/wp\/v2\/pages\/147","targetHints":{"allow":["GET"]}}],"collection":[{"href":"http:\/\/www.dotsfrance.com\/index.php?rest_route=\/wp\/v2\/pages"}],"about":[{"href":"http:\/\/www.dotsfrance.com\/index.php?rest_route=\/wp\/v2\/types\/page"}],"author":[{"embeddable":true,"href":"http:\/\/www.dotsfrance.com\/index.php?rest_route=\/wp\/v2\/users\/2"}],"replies":[{"embeddable":true,"href":"http:\/\/www.dotsfrance.com\/index.php?rest_route=%2Fwp%2Fv2%2Fcomments&post=147"}],"version-history":[{"count":20,"href":"http:\/\/www.dotsfrance.com\/index.php?rest_route=\/wp\/v2\/pages\/147\/revisions"}],"predecessor-version":[{"id":336,"href":"http:\/\/www.dotsfrance.com\/index.php?rest_route=\/wp\/v2\/pages\/147\/revisions\/336"}],"wp:attachment":[{"href":"http:\/\/www.dotsfrance.com\/index.php?rest_route=%2Fwp%2Fv2%2Fmedia&parent=147"}],"curies":[{"name":"wp","href":"https:\/\/api.w.org\/{rel}","templated":true}]}}